{"id":7,"date":"2021-12-11T20:57:27","date_gmt":"2021-12-11T20:57:27","guid":{"rendered":"https:\/\/audienciafm.es?page_id=7"},"modified":"2022-01-31T09:51:28","modified_gmt":"2022-01-31T09:51:28","slug":"inicio","status":"publish","type":"page","link":"https:\/\/audienciafm.es\/","title":{"rendered":"Inicio"},"content":{"rendered":"\t\t<div data-elementor-type=\"wp-page\" data-elementor-id=\"7\" class=\"elementor elementor-7\" data-elementor-settings=\"[]\">\n\t\t\t\t\t\t\t<div class=\"elementor-section-wrap\">\n\t\t\t\t\t\t\t<section class=\"elementor-section elementor-top-section elementor-element elementor-element-78fa2efe elementor-section-height-min-height elementor-section-boxed elementor-section-height-default elementor-section-items-middle\" data-id=\"78fa2efe\" data-element_type=\"section\" data-settings=\"{&quot;background_background&quot;:&quot;classic&quot;}\">\n\t\t\t\t\t\t\t<div class=\"elementor-background-overlay\"><\/div>\n\t\t\t\t\t\t\t<div class=\"elementor-container elementor-column-gap-default\">\n\t\t\t\t\t<div class=\"elementor-column elementor-col-100 elementor-top-column elementor-element elementor-element-c783239\" data-id=\"c783239\" data-element_type=\"column\">\n\t\t\t<div class=\"elementor-widget-wrap elementor-element-populated\">\n\t\t\t\t\t\t\t\t<div class=\"elementor-element elementor-element-50128a6b elementor-widget elementor-widget-heading\" data-id=\"50128a6b\" data-element_type=\"widget\" data-widget_type=\"heading.default\">\n\t\t\t\t<div class=\"elementor-widget-container\">\n\t\t\t<h2 class=\"elementor-heading-title elementor-size-large\">ESTUDIO GENERAL DE AUDIENCIAS LOCALES<\/h2>\t\t<\/div>\n\t\t\t\t<\/div>\n\t\t\t\t<div class=\"elementor-element elementor-element-53a32917 elementor-widget-divider--view-line elementor-widget elementor-widget-divider\" data-id=\"53a32917\" data-element_type=\"widget\" data-widget_type=\"divider.default\">\n\t\t\t\t<div class=\"elementor-widget-container\">\n\t\t\t\t\t<div class=\"elementor-divider\">\n\t\t\t<span class=\"elementor-divider-separator\">\n\t\t\t\t\t\t<\/span>\n\t\t<\/div>\n\t\t\t\t<\/div>\n\t\t\t\t<\/div>\n\t\t\t\t<div class=\"elementor-element elementor-element-6d94de4 elementor-widget elementor-widget-heading\" data-id=\"6d94de4\" data-element_type=\"widget\" data-widget_type=\"heading.default\">\n\t\t\t\t<div class=\"elementor-widget-container\">\n\t\t\t<p class=\"elementor-heading-title elementor-size-medium\">Realizamos estudios de audiencias profesionales y t\u00e9cnicos de emisoras locales de Espa\u00f1a y Latinoam\u00e9rica.<\/p>\t\t<\/div>\n\t\t\t\t<\/div>\n\t\t\t\t\t<\/div>\n\t\t<\/div>\n\t\t\t\t\t\t\t<\/div>\n\t\t<\/section>\n\t\t\t\t<section class=\"elementor-section elementor-top-section elementor-element elementor-element-f5d742e elementor-section-height-min-height elementor-section-content-middle elementor-section-boxed elementor-section-height-default elementor-section-items-middle\" data-id=\"f5d742e\" data-element_type=\"section\" data-settings=\"{&quot;background_background&quot;:&quot;classic&quot;}\">\n\t\t\t\t\t\t<div class=\"elementor-container elementor-column-gap-default\">\n\t\t\t\t\t<div class=\"elementor-column elementor-col-50 elementor-top-column elementor-element elementor-element-3ba71632\" data-id=\"3ba71632\" data-element_type=\"column\">\n\t\t\t<div class=\"elementor-widget-wrap elementor-element-populated\">\n\t\t\t\t\t\t\t\t<div class=\"elementor-element elementor-element-3c2ab724 elementor-widget-divider--view-line elementor-widget elementor-widget-divider\" data-id=\"3c2ab724\" data-element_type=\"widget\" data-widget_type=\"divider.default\">\n\t\t\t\t<div class=\"elementor-widget-container\">\n\t\t\t\t\t<div class=\"elementor-divider\">\n\t\t\t<span class=\"elementor-divider-separator\">\n\t\t\t\t\t\t<\/span>\n\t\t<\/div>\n\t\t\t\t<\/div>\n\t\t\t\t<\/div>\n\t\t\t\t<div class=\"elementor-element elementor-element-7d75374b elementor-widget elementor-widget-heading\" data-id=\"7d75374b\" data-element_type=\"widget\" data-widget_type=\"heading.default\">\n\t\t\t\t<div class=\"elementor-widget-container\">\n\t\t\t<h3 class=\"elementor-heading-title elementor-size-large\">20 a\u00f1os de experiencia<\/h3>\t\t<\/div>\n\t\t\t\t<\/div>\n\t\t\t\t<div class=\"elementor-element elementor-element-10215be0 elementor-widget elementor-widget-text-editor\" data-id=\"10215be0\" data-element_type=\"widget\" data-widget_type=\"text-editor.default\">\n\t\t\t\t<div class=\"elementor-widget-container\">\n\t\t\t\t\t\t\t<p>La mayor\u00eda de radios locales, municipales y comunitarias de Espa\u00f1a y Latinoam\u00e9rica ya han confiado en nosotros para realizar su estudio de audiencia.<\/p>\t\t\t\t\t\t<\/div>\n\t\t\t\t<\/div>\n\t\t\t\t\t<\/div>\n\t\t<\/div>\n\t\t\t\t<div class=\"elementor-column elementor-col-50 elementor-top-column elementor-element elementor-element-452a6b73\" data-id=\"452a6b73\" data-element_type=\"column\">\n\t\t\t<div class=\"elementor-widget-wrap elementor-element-populated\">\n\t\t\t\t\t\t\t\t<div class=\"elementor-element elementor-element-5dadaba7 elementor-widget elementor-widget-image\" data-id=\"5dadaba7\" data-element_type=\"widget\" data-widget_type=\"image.default\">\n\t\t\t\t<div class=\"elementor-widget-container\">\n\t\t\t\t\t\t\t\t\t\t\t\t\t\t\t<img loading=\"lazy\" decoding=\"async\" width=\"840\" height=\"881\" src=\"https:\/\/audienciafm.es\/wp-content\/uploads\/2021\/12\/kissclipart-best-experience-icon-clipart-computer-icons-experi-6ef31a1885742ca9.png\" class=\"attachment-full size-full\" alt=\"\" srcset=\"https:\/\/audienciafm.es\/wp-content\/uploads\/2021\/12\/kissclipart-best-experience-icon-clipart-computer-icons-experi-6ef31a1885742ca9.png 840w, https:\/\/audienciafm.es\/wp-content\/uploads\/2021\/12\/kissclipart-best-experience-icon-clipart-computer-icons-experi-6ef31a1885742ca9-286x300.png 286w, https:\/\/audienciafm.es\/wp-content\/uploads\/2021\/12\/kissclipart-best-experience-icon-clipart-computer-icons-experi-6ef31a1885742ca9-768x805.png 768w\" sizes=\"auto, (max-width: 840px) 100vw, 840px\" style=\"width:100%;height:104.88%;max-width:840px\" \/>\t\t\t\t\t\t\t\t\t\t\t\t\t\t\t<\/div>\n\t\t\t\t<\/div>\n\t\t\t\t\t<\/div>\n\t\t<\/div>\n\t\t\t\t\t\t\t<\/div>\n\t\t<\/section>\n\t\t\t\t<section class=\"elementor-section elementor-top-section elementor-element elementor-element-58a9c635 elementor-section-height-min-height elementor-section-content-middle elementor-reverse-mobile elementor-section-boxed elementor-section-height-default elementor-section-items-middle\" data-id=\"58a9c635\" data-element_type=\"section\" data-settings=\"{&quot;background_background&quot;:&quot;none&quot;}\">\n\t\t\t\t\t\t<div class=\"elementor-container elementor-column-gap-default\">\n\t\t\t\t\t<div class=\"elementor-column elementor-col-50 elementor-top-column elementor-element elementor-element-6beb88e\" data-id=\"6beb88e\" data-element_type=\"column\">\n\t\t\t<div class=\"elementor-widget-wrap elementor-element-populated\">\n\t\t\t\t\t\t\t\t<div class=\"elementor-element elementor-element-4cdb3cd7 elementor-widget elementor-widget-image\" data-id=\"4cdb3cd7\" data-element_type=\"widget\" data-widget_type=\"image.default\">\n\t\t\t\t<div class=\"elementor-widget-container\">\n\t\t\t\t\t\t\t\t\t\t\t\t\t\t\t<img loading=\"lazy\" decoding=\"async\" width=\"820\" height=\"606\" src=\"https:\/\/audienciafm.es\/wp-content\/uploads\/2021\/12\/finance-computer-icons-portable-network-graphics-financial-adviser-bank-png-favpng-JcP8zMEam8wxzuXwuCFTAAbeX.png\" class=\"attachment-full size-full\" alt=\"\" srcset=\"https:\/\/audienciafm.es\/wp-content\/uploads\/2021\/12\/finance-computer-icons-portable-network-graphics-financial-adviser-bank-png-favpng-JcP8zMEam8wxzuXwuCFTAAbeX.png 820w, https:\/\/audienciafm.es\/wp-content\/uploads\/2021\/12\/finance-computer-icons-portable-network-graphics-financial-adviser-bank-png-favpng-JcP8zMEam8wxzuXwuCFTAAbeX-300x222.png 300w, https:\/\/audienciafm.es\/wp-content\/uploads\/2021\/12\/finance-computer-icons-portable-network-graphics-financial-adviser-bank-png-favpng-JcP8zMEam8wxzuXwuCFTAAbeX-768x568.png 768w\" sizes=\"auto, (max-width: 820px) 100vw, 820px\" style=\"width:100%;height:73.9%;max-width:820px\" \/>\t\t\t\t\t\t\t\t\t\t\t\t\t\t\t<\/div>\n\t\t\t\t<\/div>\n\t\t\t\t\t<\/div>\n\t\t<\/div>\n\t\t\t\t<div class=\"elementor-column elementor-col-50 elementor-top-column elementor-element elementor-element-644e5cc5\" data-id=\"644e5cc5\" data-element_type=\"column\">\n\t\t\t<div class=\"elementor-widget-wrap elementor-element-populated\">\n\t\t\t\t\t\t\t\t<div class=\"elementor-element elementor-element-52ec7380 elementor-widget-divider--view-line elementor-widget elementor-widget-divider\" data-id=\"52ec7380\" data-element_type=\"widget\" data-widget_type=\"divider.default\">\n\t\t\t\t<div class=\"elementor-widget-container\">\n\t\t\t\t\t<div class=\"elementor-divider\">\n\t\t\t<span class=\"elementor-divider-separator\">\n\t\t\t\t\t\t<\/span>\n\t\t<\/div>\n\t\t\t\t<\/div>\n\t\t\t\t<\/div>\n\t\t\t\t<div class=\"elementor-element elementor-element-19e96ada elementor-widget elementor-widget-heading\" data-id=\"19e96ada\" data-element_type=\"widget\" data-widget_type=\"heading.default\">\n\t\t\t\t<div class=\"elementor-widget-container\">\n\t\t\t<h3 class=\"elementor-heading-title elementor-size-large\">GARANT\u00cdA PARA TUS ANUNCIANTES<\/h3>\t\t<\/div>\n\t\t\t\t<\/div>\n\t\t\t\t<div class=\"elementor-element elementor-element-63559ab1 elementor-widget elementor-widget-text-editor\" data-id=\"63559ab1\" data-element_type=\"widget\" data-widget_type=\"text-editor.default\">\n\t\t\t\t<div class=\"elementor-widget-container\">\n\t\t\t\t\t\t\t<p>Es muy importante que las emisoras locales tambi\u00e9n realicen estudios para demostrar el nivel de audiencia y el target a los anunciantes.\u00a0<\/p>\t\t\t\t\t\t<\/div>\n\t\t\t\t<\/div>\n\t\t\t\t\t<\/div>\n\t\t<\/div>\n\t\t\t\t\t\t\t<\/div>\n\t\t<\/section>\n\t\t\t\t<section class=\"elementor-section elementor-top-section elementor-element elementor-element-1e185945 elementor-section-height-min-height elementor-section-content-middle elementor-section-boxed elementor-section-height-default elementor-section-items-middle\" data-id=\"1e185945\" data-element_type=\"section\" data-settings=\"{&quot;background_background&quot;:&quot;classic&quot;}\">\n\t\t\t\t\t\t<div class=\"elementor-container elementor-column-gap-default\">\n\t\t\t\t\t<div class=\"elementor-column elementor-col-50 elementor-top-column elementor-element elementor-element-79237c54\" data-id=\"79237c54\" data-element_type=\"column\">\n\t\t\t<div class=\"elementor-widget-wrap elementor-element-populated\">\n\t\t\t\t\t\t\t\t<div class=\"elementor-element elementor-element-2e2ac858 elementor-widget-divider--view-line elementor-widget elementor-widget-divider\" data-id=\"2e2ac858\" data-element_type=\"widget\" data-widget_type=\"divider.default\">\n\t\t\t\t<div class=\"elementor-widget-container\">\n\t\t\t\t\t<div class=\"elementor-divider\">\n\t\t\t<span class=\"elementor-divider-separator\">\n\t\t\t\t\t\t<\/span>\n\t\t<\/div>\n\t\t\t\t<\/div>\n\t\t\t\t<\/div>\n\t\t\t\t<div class=\"elementor-element elementor-element-51dcb994 elementor-widget elementor-widget-heading\" data-id=\"51dcb994\" data-element_type=\"widget\" data-widget_type=\"heading.default\">\n\t\t\t\t<div class=\"elementor-widget-container\">\n\t\t\t<h3 class=\"elementor-heading-title elementor-size-large\">SEGUIMIENTO MENSUAL DE LOS AN\u00c1LISIS<\/h3>\t\t<\/div>\n\t\t\t\t<\/div>\n\t\t\t\t<div class=\"elementor-element elementor-element-4d854854 elementor-widget elementor-widget-text-editor\" data-id=\"4d854854\" data-element_type=\"widget\" data-widget_type=\"text-editor.default\">\n\t\t\t\t<div class=\"elementor-widget-container\">\n\t\t\t\t\t\t\t<p>Aunque los niveles de audiencia se observan con mayor certeza de manera semestral y anual, una vez que contrates nuestro servicio, podr\u00e1s acceder al panel privado donde ver\u00e1s los an\u00e1lisis mensuales y el seguimiento t\u00e9cnico. Este servicio suele emplearse para valorar el inter\u00e9s de nuevos programas radiof\u00f3nicos.<\/p>\t\t\t\t\t\t<\/div>\n\t\t\t\t<\/div>\n\t\t\t\t\t<\/div>\n\t\t<\/div>\n\t\t\t\t<div class=\"elementor-column elementor-col-50 elementor-top-column elementor-element elementor-element-4b78d4e2\" data-id=\"4b78d4e2\" data-element_type=\"column\">\n\t\t\t<div class=\"elementor-widget-wrap elementor-element-populated\">\n\t\t\t\t\t\t\t\t<div class=\"elementor-element elementor-element-54eb25a0 elementor-widget elementor-widget-image\" data-id=\"54eb25a0\" data-element_type=\"widget\" data-widget_type=\"image.default\">\n\t\t\t\t<div class=\"elementor-widget-container\">\n\t\t\t\t\t\t\t\t\t\t\t\t\t\t\t<img loading=\"lazy\" decoding=\"async\" width=\"512\" height=\"512\" src=\"https:\/\/audienciafm.es\/wp-content\/uploads\/2021\/12\/1470399594_Web_Design.png\" class=\"attachment-full size-full\" alt=\"\" srcset=\"https:\/\/audienciafm.es\/wp-content\/uploads\/2021\/12\/1470399594_Web_Design.png 512w, https:\/\/audienciafm.es\/wp-content\/uploads\/2021\/12\/1470399594_Web_Design-300x300.png 300w, https:\/\/audienciafm.es\/wp-content\/uploads\/2021\/12\/1470399594_Web_Design-150x150.png 150w\" sizes=\"auto, (max-width: 512px) 100vw, 512px\" style=\"width:100%;height:100%;max-width:512px\" \/>\t\t\t\t\t\t\t\t\t\t\t\t\t\t\t<\/div>\n\t\t\t\t<\/div>\n\t\t\t\t\t<\/div>\n\t\t<\/div>\n\t\t\t\t\t\t\t<\/div>\n\t\t<\/section>\n\t\t\t\t<section class=\"elementor-section elementor-top-section elementor-element elementor-element-42846a1b elementor-section-boxed elementor-section-height-default elementor-section-height-default\" data-id=\"42846a1b\" data-element_type=\"section\">\n\t\t\t\t\t\t<div class=\"elementor-container elementor-column-gap-default\">\n\t\t\t\t\t<div class=\"elementor-column elementor-col-100 elementor-top-column elementor-element elementor-element-23d2107d\" data-id=\"23d2107d\" data-element_type=\"column\">\n\t\t\t<div class=\"elementor-widget-wrap elementor-element-populated\">\n\t\t\t\t\t\t\t\t<div class=\"elementor-element elementor-element-42ff0735 elementor-widget elementor-widget-heading\" data-id=\"42ff0735\" data-element_type=\"widget\" data-widget_type=\"heading.default\">\n\t\t\t\t<div class=\"elementor-widget-container\">\n\t\t\t<h3 class=\"elementor-heading-title elementor-size-large\">\u00bfQu\u00e9 datos obtendr\u00e1s?<\/h3>\t\t<\/div>\n\t\t\t\t<\/div>\n\t\t\t\t<div class=\"elementor-element elementor-element-5057c2dc elementor-widget-divider--view-line elementor-widget elementor-widget-divider\" data-id=\"5057c2dc\" data-element_type=\"widget\" data-widget_type=\"divider.default\">\n\t\t\t\t<div class=\"elementor-widget-container\">\n\t\t\t\t\t<div class=\"elementor-divider\">\n\t\t\t<span class=\"elementor-divider-separator\">\n\t\t\t\t\t\t<\/span>\n\t\t<\/div>\n\t\t\t\t<\/div>\n\t\t\t\t<\/div>\n\t\t\t\t<section class=\"elementor-section elementor-inner-section elementor-element elementor-element-2e6e47a2 elementor-section-boxed elementor-section-height-default elementor-section-height-default\" data-id=\"2e6e47a2\" data-element_type=\"section\">\n\t\t\t\t\t\t<div class=\"elementor-container elementor-column-gap-wider\">\n\t\t\t\t\t<div class=\"elementor-column elementor-col-50 elementor-inner-column elementor-element elementor-element-44d2f5f9\" data-id=\"44d2f5f9\" data-element_type=\"column\">\n\t\t\t<div class=\"elementor-widget-wrap elementor-element-populated\">\n\t\t\t\t\t\t\t\t<div class=\"elementor-element elementor-element-5bfa7391 elementor-position-left elementor-vertical-align-middle elementor-widget elementor-widget-image-box\" data-id=\"5bfa7391\" data-element_type=\"widget\" data-widget_type=\"image-box.default\">\n\t\t\t\t<div class=\"elementor-widget-container\">\n\t\t\t<div class=\"elementor-image-box-wrapper\"><figure class=\"elementor-image-box-img\"><img loading=\"lazy\" decoding=\"async\" width=\"128\" height=\"128\" src=\"https:\/\/audienciafm.es\/wp-content\/uploads\/2021\/12\/1470399662_Marketing.png\" class=\"attachment-full size-full\" alt=\"\" style=\"width:100%;height:100%;max-width:128px\" \/><\/figure><div class=\"elementor-image-box-content\"><h3 class=\"elementor-image-box-title\">Conocedores de la emisora<\/h3><p class=\"elementor-image-box-description\">Personas que conocen la emisora y la marca.<\/p><\/div><\/div>\t\t<\/div>\n\t\t\t\t<\/div>\n\t\t\t\t<div class=\"elementor-element elementor-element-26988a07 elementor-position-left elementor-vertical-align-middle elementor-widget elementor-widget-image-box\" data-id=\"26988a07\" data-element_type=\"widget\" data-widget_type=\"image-box.default\">\n\t\t\t\t<div class=\"elementor-widget-container\">\n\t\t\t<div class=\"elementor-image-box-wrapper\"><figure class=\"elementor-image-box-img\"><img loading=\"lazy\" decoding=\"async\" width=\"128\" height=\"128\" src=\"https:\/\/audienciafm.es\/wp-content\/uploads\/2021\/12\/1470399671_SEO.png\" class=\"attachment-full size-full\" alt=\"\" style=\"width:100%;height:100%;max-width:128px\" \/><\/figure><div class=\"elementor-image-box-content\"><h3 class=\"elementor-image-box-title\">Seguidores de la emisora<\/h3><p class=\"elementor-image-box-description\">Personas conocedoras y oyentes de la emisora.<\/p><\/div><\/div>\t\t<\/div>\n\t\t\t\t<\/div>\n\t\t\t\t<div class=\"elementor-element elementor-element-170e6fd6 elementor-position-left elementor-vertical-align-middle elementor-widget elementor-widget-image-box\" data-id=\"170e6fd6\" data-element_type=\"widget\" data-widget_type=\"image-box.default\">\n\t\t\t\t<div class=\"elementor-widget-container\">\n\t\t\t<div class=\"elementor-image-box-wrapper\"><figure class=\"elementor-image-box-img\"><img loading=\"lazy\" decoding=\"async\" width=\"128\" height=\"128\" src=\"https:\/\/audienciafm.es\/wp-content\/uploads\/2021\/12\/1470399715_E-Commerce.png\" class=\"attachment-full size-full\" alt=\"\" style=\"width:100%;height:100%;max-width:128px\" \/><\/figure><div class=\"elementor-image-box-content\"><h3 class=\"elementor-image-box-title\">Resultados generales durante 24 h<\/h3><p class=\"elementor-image-box-description\">Reflejo del share, GRP y p\u00fablico medio durante 24 horas. \"Oyentes diarios\".<\/p><\/div><\/div>\t\t<\/div>\n\t\t\t\t<\/div>\n\t\t\t\t\t<\/div>\n\t\t<\/div>\n\t\t\t\t<div class=\"elementor-column elementor-col-50 elementor-inner-column elementor-element elementor-element-18ecfb85\" data-id=\"18ecfb85\" data-element_type=\"column\">\n\t\t\t<div class=\"elementor-widget-wrap elementor-element-populated\">\n\t\t\t\t\t\t\t\t<div class=\"elementor-element elementor-element-2418c648 elementor-position-left elementor-vertical-align-middle elementor-widget elementor-widget-image-box\" data-id=\"2418c648\" data-element_type=\"widget\" data-widget_type=\"image-box.default\">\n\t\t\t\t<div class=\"elementor-widget-container\">\n\t\t\t<div class=\"elementor-image-box-wrapper\"><figure class=\"elementor-image-box-img\"><img loading=\"lazy\" decoding=\"async\" width=\"128\" height=\"128\" src=\"https:\/\/audienciafm.es\/wp-content\/uploads\/2021\/12\/1470399674_App_Development.png\" class=\"attachment-full size-full\" alt=\"\" style=\"width:100%;height:100%;max-width:128px\" \/><\/figure><div class=\"elementor-image-box-content\"><h3 class=\"elementor-image-box-title\">Tiempo de audiencia y seguimiento<\/h3><p class=\"elementor-image-box-description\">N\u00famero de minutos escuchados por oyente durante un d\u00eda, siete d\u00edas y un mes.<\/p><\/div><\/div>\t\t<\/div>\n\t\t\t\t<\/div>\n\t\t\t\t<div class=\"elementor-element elementor-element-435dbe8d elementor-position-left elementor-vertical-align-middle elementor-widget elementor-widget-image-box\" data-id=\"435dbe8d\" data-element_type=\"widget\" data-widget_type=\"image-box.default\">\n\t\t\t\t<div class=\"elementor-widget-container\">\n\t\t\t<div class=\"elementor-image-box-wrapper\"><figure class=\"elementor-image-box-img\"><img loading=\"lazy\" decoding=\"async\" width=\"128\" height=\"128\" src=\"https:\/\/audienciafm.es\/wp-content\/uploads\/2021\/12\/1470399667_Newsletter.png\" class=\"attachment-full size-full\" alt=\"\" style=\"width:100%;height:100%;max-width:128px\" \/><\/figure><div class=\"elementor-image-box-content\"><h3 class=\"elementor-image-box-title\">Resultado por franjas<\/h3><p class=\"elementor-image-box-description\">Porcentaje de audiencia y niveles seg\u00fan el momento del d\u00eda. Dividido en: ma\u00f1ana, tarde y noche.<\/p><\/div><\/div>\t\t<\/div>\n\t\t\t\t<\/div>\n\t\t\t\t<div class=\"elementor-element elementor-element-7fa0582f elementor-position-left elementor-vertical-align-middle elementor-widget elementor-widget-image-box\" data-id=\"7fa0582f\" data-element_type=\"widget\" data-widget_type=\"image-box.default\">\n\t\t\t\t<div class=\"elementor-widget-container\">\n\t\t\t<div class=\"elementor-image-box-wrapper\"><figure class=\"elementor-image-box-img\"><img loading=\"lazy\" decoding=\"async\" width=\"128\" height=\"128\" src=\"https:\/\/audienciafm.es\/wp-content\/uploads\/2021\/12\/1470399656_Branding.png\" class=\"attachment-full size-full\" alt=\"\" style=\"width:100%;height:100%;max-width:128px\" \/><\/figure><div class=\"elementor-image-box-content\"><h3 class=\"elementor-image-box-title\">Target de audiencia<\/h3><p class=\"elementor-image-box-description\">Tipo de audiencia: edad y sexo. En caso de que exista un estudio anterior con nosotros, incluye comparativa de porcentajes anteriores.<\/p><\/div><\/div>\t\t<\/div>\n\t\t\t\t<\/div>\n\t\t\t\t\t<\/div>\n\t\t<\/div>\n\t\t\t\t\t\t\t<\/div>\n\t\t<\/section>\n\t\t\t\t\t<\/div>\n\t\t<\/div>\n\t\t\t\t\t\t\t<\/div>\n\t\t<\/section>\n\t\t\t\t<section class=\"elementor-section elementor-top-section elementor-element elementor-element-22c4b915 elementor-section-boxed elementor-section-height-default elementor-section-height-default\" data-id=\"22c4b915\" data-element_type=\"section\" data-settings=\"{&quot;background_background&quot;:&quot;classic&quot;}\">\n\t\t\t\t\t\t\t<div class=\"elementor-background-overlay\"><\/div>\n\t\t\t\t\t\t\t<div class=\"elementor-container elementor-column-gap-default\">\n\t\t\t\t\t<div class=\"elementor-column elementor-col-100 elementor-top-column elementor-element elementor-element-438994db\" data-id=\"438994db\" data-element_type=\"column\">\n\t\t\t<div class=\"elementor-widget-wrap elementor-element-populated\">\n\t\t\t\t\t\t\t\t<div class=\"elementor-element elementor-element-4e7bb1e5 elementor-widget elementor-widget-heading\" data-id=\"4e7bb1e5\" data-element_type=\"widget\" data-widget_type=\"heading.default\">\n\t\t\t\t<div class=\"elementor-widget-container\">\n\t\t\t<h2 class=\"elementor-heading-title elementor-size-large\">Demuestra tus datos a tus clientes<\/h2>\t\t<\/div>\n\t\t\t\t<\/div>\n\t\t\t\t<div class=\"elementor-element elementor-element-367f8d0e elementor-widget elementor-widget-heading\" data-id=\"367f8d0e\" data-element_type=\"widget\" data-widget_type=\"heading.default\">\n\t\t\t\t<div class=\"elementor-widget-container\">\n\t\t\t<p class=\"elementor-heading-title elementor-size-medium\">M\u00e1s de 270 emisoras locales de Espa\u00f1a y casi 400 emisoras locales de Latinoam\u00e9rica han confiado en nuestros an\u00e1lisis.<\/p>\t\t<\/div>\n\t\t\t\t<\/div>\n\t\t\t\t<div class=\"elementor-element elementor-element-4f2552d elementor-widget elementor-widget-button\" data-id=\"4f2552d\" data-element_type=\"widget\" data-widget_type=\"button.default\">\n\t\t\t\t<div class=\"elementor-widget-container\">\n\t\t\t\t\t<div class=\"elementor-button-wrapper\">\n\t\t\t<a href=\"#\" class=\"elementor-button-link elementor-button elementor-size-md\" role=\"button\">\n\t\t\t\t\t\t<span class=\"elementor-button-content-wrapper\">\n\t\t\t\t\t\t<span class=\"elementor-button-text\">contacto@audienciafm.es<\/span>\n\t\t<\/span>\n\t\t\t\t\t<\/a>\n\t\t<\/div>\n\t\t\t\t<\/div>\n\t\t\t\t<\/div>\n\t\t\t\t<div class=\"elementor-element elementor-element-2dff0d0 elementor-widget elementor-widget-button\" data-id=\"2dff0d0\" data-element_type=\"widget\" data-widget_type=\"button.default\">\n\t\t\t\t<div class=\"elementor-widget-container\">\n\t\t\t\t\t<div class=\"elementor-button-wrapper\">\n\t\t\t<a href=\"#\" class=\"elementor-button-link elementor-button elementor-size-md\" role=\"button\">\n\t\t\t\t\t\t<span class=\"elementor-button-content-wrapper\">\n\t\t\t\t\t\t<span class=\"elementor-button-text\">+34 912 690 458<\/span>\n\t\t<\/span>\n\t\t\t\t\t<\/a>\n\t\t<\/div>\n\t\t\t\t<\/div>\n\t\t\t\t<\/div>\n\t\t\t\t\t<\/div>\n\t\t<\/div>\n\t\t\t\t\t\t\t<\/div>\n\t\t<\/section>\n\t\t\t\t<section class=\"elementor-section elementor-top-section elementor-element elementor-element-21ab4e47 elementor-section-boxed elementor-section-height-default elementor-section-height-default\" data-id=\"21ab4e47\" data-element_type=\"section\">\n\t\t\t\t\t\t<div class=\"elementor-container elementor-column-gap-default\">\n\t\t\t\t\t<div class=\"elementor-column elementor-col-100 elementor-top-column elementor-element elementor-element-7124f9bb\" data-id=\"7124f9bb\" data-element_type=\"column\">\n\t\t\t<div class=\"elementor-widget-wrap elementor-element-populated\">\n\t\t\t\t\t\t\t\t<div class=\"elementor-element elementor-element-448769aa elementor-widget elementor-widget-text-editor\" data-id=\"448769aa\" data-element_type=\"widget\" data-widget_type=\"text-editor.default\">\n\t\t\t\t<div class=\"elementor-widget-container\">\n\t\t\t\t\t\t\t<p>Todos los derechos reservados 2021 \u00a9\u2117\u00ae.<\/p>\t\t\t\t\t\t<\/div>\n\t\t\t\t<\/div>\n\t\t\t\t\t<\/div>\n\t\t<\/div>\n\t\t\t\t\t\t\t<\/div>\n\t\t<\/section>\n\t\t\t\t\t\t<\/div>\n\t\t\t\t\t<\/div>\n\t\t","protected":false},"excerpt":{"rendered":"<p>ESTUDIO GENERAL DE AUDIENCIAS LOCALES Realizamos estudios de audiencias profesionales y t\u00e9cnicos de emisoras locales de Espa\u00f1a y Latinoam\u00e9rica. 20 a\u00f1os de experiencia La mayor\u00eda de radios locales, municipales y comunitarias de Espa\u00f1a y Latinoam\u00e9rica ya han confiado en nosotros para realizar su estudio de audiencia. GARANT\u00cdA PARA TUS ANUNCIANTES Es muy importante que las&hellip; <a class=\"more-link\" href=\"https:\/\/audienciafm.es\/\">Seguir leyendo <span class=\"screen-reader-text\">Inicio<\/span><\/a><\/p>\n","protected":false},"author":1,"featured_media":0,"parent":0,"menu_order":0,"comment_status":"closed","ping_status":"closed","template":"elementor_canvas","meta":{"footnotes":""},"class_list":["post-7","page","type-page","status-publish","hentry","entry"],"_links":{"self":[{"href":"https:\/\/audienciafm.es\/index.php?rest_route=\/wp\/v2\/pages\/7","targetHints":{"allow":["GET"]}}],"collection":[{"href":"https:\/\/audienciafm.es\/index.php?rest_route=\/wp\/v2\/pages"}],"about":[{"href":"https:\/\/audienciafm.es\/index.php?rest_route=\/wp\/v2\/types\/page"}],"author":[{"embeddable":true,"href":"https:\/\/audienciafm.es\/index.php?rest_route=\/wp\/v2\/users\/1"}],"replies":[{"embeddable":true,"href":"https:\/\/audienciafm.es\/index.php?rest_route=%2Fwp%2Fv2%2Fcomments&post=7"}],"version-history":[{"count":23,"href":"https:\/\/audienciafm.es\/index.php?rest_route=\/wp\/v2\/pages\/7\/revisions"}],"predecessor-version":[{"id":68,"href":"https:\/\/audienciafm.es\/index.php?rest_route=\/wp\/v2\/pages\/7\/revisions\/68"}],"wp:attachment":[{"href":"https:\/\/audienciafm.es\/index.php?rest_route=%2Fwp%2Fv2%2Fmedia&parent=7"}],"curies":[{"name":"wp","href":"https:\/\/api.w.org\/{rel}","templated":true}]}}